{"id":45311,"date":"2025-02-04T11:57:55","date_gmt":"2025-02-04T11:57:55","guid":{"rendered":"https:\/\/parchetstore.ro\/?post_type=product&#038;p=45311"},"modified":"2025-12-16T15:36:04","modified_gmt":"2025-12-16T15:36:04","slug":"exquisitq-d-4763","status":"publish","type":"product","link":"https:\/\/parchetstore.ro\/ru\/product\/exquisitq-d-4763\/","title":{"rendered":"Exquisit D 4763"},"content":{"rendered":"<div class=\"wpb_text_column wpb_content_element\">\n<div class=\"wpb_wrapper\">\n<div class=\"wpb_text_column wpb_content_element\">\n<div class=\"wpb_wrapper\">\n<p>EXQUISIT \u2014 \u044d\u0442\u043e \u043f\u0430\u0440\u043a\u0435\u0442 \u0442\u043e\u043b\u0449\u0438\u043d\u043e\u0439 8 \u043c\u043c, \u043a\u043e\u0442\u043e\u0440\u044b\u0439 \u0442\u0430\u043a \u0436\u0435 \u0431\u043b\u0430\u0433\u043e\u0440\u043e\u0434\u0435\u043d \u0438 \u0435\u0441\u0442\u0435\u0441\u0442\u0432\u0435\u043d\u0435\u043d, \u043a\u0430\u043a \u0438 \u0434\u0440\u0435\u0432\u0435\u0441\u0438\u043d\u0430. \u041e\u043d \u0438\u0437\u043b\u0443\u0447\u0430\u0435\u0442 \u0442\u0435\u043f\u043b\u043e \u0438 \u043a\u043e\u043c\u0444\u043e\u0440\u0442 \u0438 \u0442\u0430\u043a \u0436\u0435 \u043f\u0440\u0438\u044f\u0442\u0435\u043d \u043d\u0430 \u043e\u0449\u0443\u043f\u044c, \u043a\u0430\u043a \u043c\u0430\u0441\u0441\u0438\u0432\u043d\u0430\u044f \u0434\u0440\u0435\u0432\u0435\u0441\u0438\u043d\u0430. \u0422\u0438\u0441\u043d\u0451\u043d\u043d\u0430\u044f \u0442\u0435\u043a\u0441\u0442\u0443\u0440\u0430 \u0438 \u043c\u0430\u0442\u043e\u0432\u0430\u044f \u043f\u043e\u0432\u0435\u0440\u0445\u043d\u043e\u0441\u0442\u044c \u043f\u0440\u0438\u0434\u0430\u044e\u0442 \u0435\u043c\u0443 \u0430\u0443\u0442\u0435\u043d\u0442\u0438\u0447\u043d\u0443\u044e \u0441\u0442\u0440\u0443\u043a\u0442\u0443\u0440\u0443 \u0438 \u0441\u043e\u0437\u0434\u0430\u044e\u0442 \u0442\u0451\u043f\u043b\u0443\u044e \u0438 \u043d\u0430\u0442\u0443\u0440\u0430\u043b\u044c\u043d\u0443\u044e \u0430\u0442\u043c\u043e\u0441\u0444\u0435\u0440\u0443.<\/p>\n<h3>\u041f\u0440\u0435\u0438\u043c\u0443\u0449\u0435\u0441\u0442\u0432\u0430<\/h3>\n<\/div>\n<\/div>\n<div class=\"vc_separator wpb_content_element vc_separator_align_center vc_sep_width_50 vc_sep_pos_align_left vc_separator_no_text vc_sep_color_grey vc_custom_1519916937209 wpb_content_element vc_custom_1519916937209 wpb_content_element align-align_left align-align_left\"><\/div>\n<div class=\"wpb_text_column wpb_content_element\">\n<div class=\"wpb_wrapper\">\n<p>\u2022 \u041b\u0430\u043c\u0438\u043d\u0438\u0440\u043e\u0432\u0430\u043d\u043d\u044b\u0439 \u043f\u0430\u0440\u043a\u0435\u0442 \u044f\u0432\u043b\u044f\u0435\u0442\u0441\u044f<strong>\u00a0\u0438\u0434\u0435\u0430\u043b\u044c\u043d\u044b\u043c \u043f\u043e\u043a\u0440\u044b\u0442\u0438\u0435\u043c \u0434\u043b\u044f \u0434\u0435\u0442\u0441\u043a\u0438\u0445 \u043a\u043e\u043c\u043d\u0430\u0442<\/strong>,  \u0442\u0430\u043a \u043a\u0430\u043a\u00a0<strong>\u0442\u0430\u043a \u043a\u0430\u043a \u043d\u0435 \u0441\u043e\u0434\u0435\u0440\u0436\u0438\u0442 \u043d\u0438\u043a\u0430\u043a\u0438\u0445 \u043f\u043b\u0430\u0441\u0442\u0438\u0444\u0438\u043a\u0430\u0442\u043e\u0440\u043e\u0432<\/strong>\u00a0(\u0444\u0442\u0430\u043b\u0430\u0442\u043e\u0432). \u041d\u0435\u043c\u0435\u0446\u043a\u0438\u0439 \u043f\u043e\u0442\u0440\u0435\u0431\u0438\u0442\u0435\u043b\u044c\u0441\u043a\u0438\u0439 \u0436\u0443\u0440\u043d\u0430\u043b \u00d6kotest \u043e\u0441\u043e\u0431\u043e \u0440\u0435\u043a\u043e\u043c\u0435\u043d\u0434\u0443\u0435\u0442 \u0435\u0433\u043e.<br \/>\n\u2022 \u041f\u0430\u0440\u043a\u0435\u0442 EXQUISIT\u00a0<strong>\u0438\u043c\u0435\u0435\u0442 \u0434\u043e\u043f\u043e\u043b\u043d\u0438\u0442\u0435\u043b\u044c\u043d\u0443\u044e \u0433\u0430\u0440\u0430\u043d\u0442\u0438\u044e 30 \u043b\u0435\u0442<\/strong>\u00a0(\u0434\u043b\u044f \u0447\u0430\u0441\u0442\u043d\u043e\u0433\u043e \u0438\u0441\u043f\u043e\u043b\u044c\u0437\u043e\u0432\u0430\u043d\u0438\u044f)\u00a0<strong>\u0438\u043b\u0438 \u043f\u044f\u0442\u044c \u043b\u0435\u0442<\/strong>\u00a0(\u0434\u043b\u044f \u043a\u043e\u043c\u043c\u0435\u0440\u0447\u0435\u0441\u043a\u043e\u0433\u043e \u0438\u0441\u043f\u043e\u043b\u044c\u0437\u043e\u0432\u0430\u043d\u0438\u044f).<br \/>\n\u2022 \u041f\u043e\u0441\u043a\u043e\u043b\u044c\u043a\u0443 \u043b\u0430\u043c\u0438\u043d\u0430\u0442 \u0443\u043a\u043b\u0430\u0434\u044b\u0432\u0430\u0435\u0442\u0441\u044f \u0431\u0435\u0437 \u043a\u043b\u0435\u044f (\u043a\u0430\u043a \u043f\u043b\u0430\u0432\u0430\u044e\u0449\u0438\u0439 \u043f\u043e\u043b),\u00a0<strong>\u043d\u0435 \u043e\u0431\u0440\u0430\u0437\u0443\u044e\u0442\u0441\u044f \u043a\u043b\u0435\u0435\u0432\u044b\u0435 \u043e\u0441\u0442\u0430\u0442\u043a\u0438.<\/strong>.<br \/>\n\u2022 \u0418\u043d\u043d\u043e\u0432\u0430\u0446\u0438\u043e\u043d\u043d\u044b\u0435 \u043f\u0440\u043e\u0446\u0435\u0441\u0441\u044b \u0442\u0438\u0441\u043d\u0435\u043d\u0438\u044f \u0438\u0441\u043f\u043e\u043b\u044c\u0437\u0443\u044e\u0442\u0441\u044f \u0434\u043b\u044f \u043f\u0440\u0438\u0434\u0430\u043d\u0438\u044f \u043f\u043e\u0432\u0435\u0440\u0445\u043d\u043e\u0441\u0442\u044f\u043c \u0441\u043e\u0432\u0440\u0435\u043c\u0435\u043d\u043d\u044b\u0445 \u043b\u0430\u043c\u0438\u043d\u0438\u0440\u043e\u0432\u0430\u043d\u043d\u044b\u0445 \u043f\u043e\u043b\u043e\u0432 KRONOTEX \u0434\u0440\u0435\u0432\u0435\u0441\u043d\u043e\u0439 \u0442\u0435\u043a\u0441\u0442\u0443\u0440\u044b \u0438 \u043a\u0430\u043c\u0435\u043d\u043d\u044b\u0445 \u0441\u0442\u0440\u0443\u043a\u0442\u0443\u0440.<br \/>\n\u2022  \u041b\u0430\u043c\u0438\u043d\u0438\u0440\u043e\u0432\u0430\u043d\u043d\u044b\u0435 \u043f\u043e\u043b\u044b<strong>\u00a0\u043d\u0435 \u0441\u043e\u0434\u0435\u0440\u0436\u0430\u0442 \u0434\u0438\u044d\u0442\u0438\u043b\u0433\u0435\u043a\u0441\u0438\u043b\u0444\u0442\u0430\u043b\u0430\u0442 (DEHP)<\/strong>\u00a0\u0438, \u0441\u043b\u0435\u0434\u043e\u0432\u0430\u0442\u0435\u043b\u044c\u043d\u043e, \u043d\u0435 \u043c\u043e\u0433\u0443\u0442 \u0432\u044b\u0437\u044b\u0432\u0430\u0442\u044c \u0438\u0437\u043c\u0435\u043d\u0435\u043d\u0438\u044f \u0433\u043e\u0440\u043c\u043e\u043d\u0430\u043b\u044c\u043d\u043e\u0433\u043e \u0443\u0440\u043e\u0432\u043d\u044f.<br \/>\n\u2022 \u041f\u043e \u043e\u043a\u043e\u043d\u0447\u0430\u043d\u0438\u0438 \u0441\u0440\u043e\u043a\u0430 \u0441\u043b\u0443\u0436\u0431\u044b \u043f\u0440\u043e\u0434\u0443\u043a\u0442\u0430 \u043b\u0430\u043c\u0438\u043d\u0430\u0442 \u043c\u043e\u0436\u043d\u043e \u043b\u0435\u0433\u043a\u043e \u0434\u0435\u043c\u043e\u043d\u0442\u0438\u0440\u043e\u0432\u0430\u0442\u044c \u0438 \u0441\u0436\u0435\u0447\u044c \u0432 \u043a\u0430\u0447\u0435\u0441\u0442\u0432\u0435 \u0442\u043e\u043f\u043b\u0438\u0432\u0430.<br \/>\n\u2022 KRONOTEX \u0438\u0441\u043f\u043e\u043b\u044c\u0437\u0443\u0435\u0442 \u043e\u0442\u0445\u043e\u0434\u044b, \u043e\u0431\u0440\u0430\u0437\u0443\u044e\u0449\u0438\u0435\u0441\u044f \u043f\u0440\u0438 \u043f\u0440\u043e\u0438\u0437\u0432\u043e\u0434\u0441\u0442\u0432\u0435 \u043b\u0430\u043c\u0438\u043d\u0430\u0442\u0430, \u0432 \u043a\u0430\u0447\u0435\u0441\u0442\u0432\u0435 \u0442\u043e\u043f\u043b\u0438\u0432\u0430.<br \/>\n\u2022 \u041b\u0430\u043c\u0438\u043d\u0430\u0442 KRONOTEX \u2014 \u044d\u0442\u043e \u0432\u044b\u0441\u043e\u043a\u043e\u043a\u0430\u0447\u0435\u0441\u0442\u0432\u0435\u043d\u043d\u044b\u0439 \u043f\u0440\u043e\u0434\u0443\u043a\u0442, \u043f\u0440\u043e\u0438\u0437\u0432\u0435\u0434\u0451\u043d\u043d\u044b\u0439 \u0432 \u0413\u0435\u0440\u043c\u0430\u043d\u0438\u0438.<\/p>\n<\/div>\n<\/div>\n<\/div>\n<\/div>","protected":false},"excerpt":{"rendered":"<p>EXQUISIT \u2014 \u044d\u0442\u043e \u043f\u0430\u0440\u043a\u0435\u0442 \u0442\u043e\u043b\u0449\u0438\u043d\u043e\u0439 8 \u043c\u043c, \u043a\u043e\u0442\u043e\u0440\u044b\u0439 \u0442\u0430\u043a \u0436\u0435 \u0431\u043b\u0430\u0433\u043e\u0440\u043e\u0434\u0435\u043d \u0438 \u0435\u0441\u0442\u0435\u0441\u0442\u0432\u0435\u043d\u0435\u043d, \u043a\u0430\u043a \u0438 \u0434\u0440\u0435\u0432\u0435\u0441\u0438\u043d\u0430. \u041e\u043d \u0438\u0437\u043b\u0443\u0447\u0430\u0435\u0442 \u0442\u0435\u043f\u043b\u043e \u0438 \u043a\u043e\u043c\u0444\u043e\u0440\u0442 \u0438 \u0442\u0430\u043a \u0436\u0435 \u043f\u0440\u0438\u044f\u0442\u0435\u043d \u043d\u0430 \u043e\u0449\u0443\u043f\u044c, \u043a\u0430\u043a \u043c\u0430\u0441\u0441\u0438\u0432\u043d\u0430\u044f \u0434\u0440\u0435\u0432\u0435\u0441\u0438\u043d\u0430. \u0422\u0438\u0441\u043d\u0451\u043d\u043d\u0430\u044f \u0442\u0435\u043a\u0441\u0442\u0443\u0440\u0430 \u0438 \u043c\u0430\u0442\u043e\u0432\u0430\u044f \u043f\u043e\u0432\u0435\u0440\u0445\u043d\u043e\u0441\u0442\u044c \u043f\u0440\u0438\u0434\u0430\u044e\u0442 \u0435\u043c\u0443 \u0430\u0443\u0442\u0435\u043d\u0442\u0438\u0447\u043d\u0443\u044e \u0441\u0442\u0440\u0443\u043a\u0442\u0443\u0440\u0443 \u0438 \u0441\u043e\u0437\u0434\u0430\u044e\u0442 \u0442\u0451\u043f\u043b\u0443\u044e \u0438 \u043d\u0430\u0442\u0443\u0440\u0430\u043b\u044c\u043d\u0443\u044e \u0430\u0442\u043c\u043e\u0441\u0444\u0435\u0440\u0443.<\/p>","protected":false},"featured_media":45313,"template":"","meta":[],"product_brand":[189],"product_cat":[142],"product_tag":[],"class_list":{"0":"post-45311","1":"product","2":"type-product","3":"status-publish","4":"has-post-thumbnail","6":"product_brand-kronotex","7":"product_cat-exquisit-8mm","10":"first","11":"instock","12":"shipping-taxable","13":"purchasable","14":"product-type-simple"},"yoast_head":"<!-- This site is optimized with the Yoast SEO plugin v27.4 - https:\/\/yoast.com\/product\/yoast-seo-wordpress\/ -->\n<title>Exquisit D 4763 - Parchet laminat<\/title>\n<meta name=\"robots\" content=\"index, follow, max-snippet:-1, max-image-preview:large, max-video-preview:-1\" \/>\n<link rel=\"canonical\" href=\"https:\/\/parchetstore.ro\/ru\/product\/exquisitq-d-4763\/\" \/>\n<meta property=\"og:locale\" content=\"ru_RU\" \/>\n<meta property=\"og:type\" content=\"article\" \/>\n<meta property=\"og:title\" content=\"Exquisit D 4763 - Parchet laminat\" \/>\n<meta property=\"og:description\" content=\"EXQUISIT este un parchet ,de 8 mm grosime, care este la fel de nobil \u0219i natural ca \u0219i lemnul. Radiaz\u0103 caldura \u0219i confort \u0219i este la fel de pl\u0103cut la atingere ca lemnul masiv.\u00a0Granula\u021bia gravat\u0103 \u0219i suprafa\u021ba mat\u0103 \u00eei confer\u0103 o structur\u0103 autentic\u0103 \u0219i creeaz\u0103 o atmosfer\u0103 cald\u0103 \u0219i natural\u0103.\" \/>\n<meta property=\"og:url\" content=\"https:\/\/parchetstore.ro\/ru\/product\/exquisitq-d-4763\/\" \/>\n<meta property=\"og:site_name\" content=\"Parchet laminat\" \/>\n<meta property=\"article:modified_time\" content=\"2025-12-16T15:36:04+00:00\" \/>\n<meta property=\"og:image\" content=\"https:\/\/parchetstore.ro\/wp-content\/uploads\/2025\/02\/4763-main-1.jpg\" \/>\n\t<meta property=\"og:image:width\" content=\"1600\" \/>\n\t<meta property=\"og:image:height\" content=\"900\" \/>\n\t<meta property=\"og:image:type\" content=\"image\/jpeg\" \/>\n<meta name=\"twitter:card\" content=\"summary_large_image\" \/>\n<meta name=\"twitter:label1\" content=\"\u041f\u0440\u0438\u043c\u0435\u0440\u043d\u043e\u0435 \u0432\u0440\u0435\u043c\u044f \u0434\u043b\u044f \u0447\u0442\u0435\u043d\u0438\u044f\" \/>\n\t<meta name=\"twitter:data1\" content=\"2 \u043c\u0438\u043d\u0443\u0442\u044b\" \/>\n<script type=\"application\/ld+json\" class=\"yoast-schema-graph\">{\"@context\":\"https:\\\/\\\/schema.org\",\"@graph\":[{\"@type\":\"WebPage\",\"@id\":\"https:\\\/\\\/parchetstore.ro\\\/produs\\\/exquisitq-d-4763\\\/\",\"url\":\"https:\\\/\\\/parchetstore.ro\\\/produs\\\/exquisitq-d-4763\\\/\",\"name\":\"Exquisit D 4763 - Parchet laminat\",\"isPartOf\":{\"@id\":\"https:\\\/\\\/parchetstore.ro\\\/#website\"},\"primaryImageOfPage\":{\"@id\":\"https:\\\/\\\/parchetstore.ro\\\/produs\\\/exquisitq-d-4763\\\/#primaryimage\"},\"image\":{\"@id\":\"https:\\\/\\\/parchetstore.ro\\\/produs\\\/exquisitq-d-4763\\\/#primaryimage\"},\"thumbnailUrl\":\"https:\\\/\\\/parchetstore.ro\\\/wp-content\\\/uploads\\\/2025\\\/02\\\/4763-main-1.jpg\",\"datePublished\":\"2025-02-04T11:57:55+00:00\",\"dateModified\":\"2025-12-16T15:36:04+00:00\",\"breadcrumb\":{\"@id\":\"https:\\\/\\\/parchetstore.ro\\\/produs\\\/exquisitq-d-4763\\\/#breadcrumb\"},\"inLanguage\":\"ru-RU\",\"potentialAction\":[{\"@type\":\"ReadAction\",\"target\":[\"https:\\\/\\\/parchetstore.ro\\\/produs\\\/exquisitq-d-4763\\\/\"]}]},{\"@type\":\"ImageObject\",\"inLanguage\":\"ru-RU\",\"@id\":\"https:\\\/\\\/parchetstore.ro\\\/produs\\\/exquisitq-d-4763\\\/#primaryimage\",\"url\":\"https:\\\/\\\/parchetstore.ro\\\/wp-content\\\/uploads\\\/2025\\\/02\\\/4763-main-1.jpg\",\"contentUrl\":\"https:\\\/\\\/parchetstore.ro\\\/wp-content\\\/uploads\\\/2025\\\/02\\\/4763-main-1.jpg\",\"width\":1600,\"height\":900},{\"@type\":\"BreadcrumbList\",\"@id\":\"https:\\\/\\\/parchetstore.ro\\\/produs\\\/exquisitq-d-4763\\\/#breadcrumb\",\"itemListElement\":[{\"@type\":\"ListItem\",\"position\":1,\"name\":\"Prima pagin\u0103\",\"item\":\"https:\\\/\\\/parchetstore.ro\\\/\"},{\"@type\":\"ListItem\",\"position\":2,\"name\":\"Shop\",\"item\":\"https:\\\/\\\/parchetstore.ro\\\/shop\\\/\"},{\"@type\":\"ListItem\",\"position\":3,\"name\":\"Exquisit D 4763\"}]},{\"@type\":\"WebSite\",\"@id\":\"https:\\\/\\\/parchetstore.ro\\\/#website\",\"url\":\"https:\\\/\\\/parchetstore.ro\\\/\",\"name\":\"Parchet laminat\",\"description\":\"calitate germana\",\"publisher\":{\"@id\":\"https:\\\/\\\/parchetstore.ro\\\/#organization\"},\"potentialAction\":[{\"@type\":\"SearchAction\",\"target\":{\"@type\":\"EntryPoint\",\"urlTemplate\":\"https:\\\/\\\/parchetstore.ro\\\/?s={search_term_string}\"},\"query-input\":{\"@type\":\"PropertyValueSpecification\",\"valueRequired\":true,\"valueName\":\"search_term_string\"}}],\"inLanguage\":\"ru-RU\"},{\"@type\":\"Organization\",\"@id\":\"https:\\\/\\\/parchetstore.ro\\\/#organization\",\"name\":\"Parchet laminat\",\"url\":\"https:\\\/\\\/parchetstore.ro\\\/\",\"logo\":{\"@type\":\"ImageObject\",\"inLanguage\":\"ru-RU\",\"@id\":\"https:\\\/\\\/parchetstore.ro\\\/#\\\/schema\\\/logo\\\/image\\\/\",\"url\":\"https:\\\/\\\/parchetstore.ro\\\/wp-content\\\/uploads\\\/2025\\\/03\\\/krono-big-img.png\",\"contentUrl\":\"https:\\\/\\\/parchetstore.ro\\\/wp-content\\\/uploads\\\/2025\\\/03\\\/krono-big-img.png\",\"width\":600,\"height\":600,\"caption\":\"Parchet laminat\"},\"image\":{\"@id\":\"https:\\\/\\\/parchetstore.ro\\\/#\\\/schema\\\/logo\\\/image\\\/\"}}]}<\/script>\n<!-- \/ Yoast SEO plugin. -->","yoast_head_json":{"title":"Exquisit D 4763 - Parchet laminat","robots":{"index":"index","follow":"follow","max-snippet":"max-snippet:-1","max-image-preview":"max-image-preview:large","max-video-preview":"max-video-preview:-1"},"canonical":"https:\/\/parchetstore.ro\/ru\/product\/exquisitq-d-4763\/","og_locale":"ru_RU","og_type":"article","og_title":"Exquisit D 4763 - Parchet laminat","og_description":"EXQUISIT este un parchet ,de 8 mm grosime, care este la fel de nobil \u0219i natural ca \u0219i lemnul. Radiaz\u0103 caldura \u0219i confort \u0219i este la fel de pl\u0103cut la atingere ca lemnul masiv.\u00a0Granula\u021bia gravat\u0103 \u0219i suprafa\u021ba mat\u0103 \u00eei confer\u0103 o structur\u0103 autentic\u0103 \u0219i creeaz\u0103 o atmosfer\u0103 cald\u0103 \u0219i natural\u0103.","og_url":"https:\/\/parchetstore.ro\/ru\/product\/exquisitq-d-4763\/","og_site_name":"Parchet laminat","article_modified_time":"2025-12-16T15:36:04+00:00","og_image":[{"width":1600,"height":900,"url":"https:\/\/parchetstore.ro\/wp-content\/uploads\/2025\/02\/4763-main-1.jpg","type":"image\/jpeg"}],"twitter_card":"summary_large_image","twitter_misc":{"\u041f\u0440\u0438\u043c\u0435\u0440\u043d\u043e\u0435 \u0432\u0440\u0435\u043c\u044f \u0434\u043b\u044f \u0447\u0442\u0435\u043d\u0438\u044f":"2 \u043c\u0438\u043d\u0443\u0442\u044b"},"schema":{"@context":"https:\/\/schema.org","@graph":[{"@type":"WebPage","@id":"https:\/\/parchetstore.ro\/produs\/exquisitq-d-4763\/","url":"https:\/\/parchetstore.ro\/produs\/exquisitq-d-4763\/","name":"Exquisit D 4763 - Parchet laminat","isPartOf":{"@id":"https:\/\/parchetstore.ro\/#website"},"primaryImageOfPage":{"@id":"https:\/\/parchetstore.ro\/produs\/exquisitq-d-4763\/#primaryimage"},"image":{"@id":"https:\/\/parchetstore.ro\/produs\/exquisitq-d-4763\/#primaryimage"},"thumbnailUrl":"https:\/\/parchetstore.ro\/wp-content\/uploads\/2025\/02\/4763-main-1.jpg","datePublished":"2025-02-04T11:57:55+00:00","dateModified":"2025-12-16T15:36:04+00:00","breadcrumb":{"@id":"https:\/\/parchetstore.ro\/produs\/exquisitq-d-4763\/#breadcrumb"},"inLanguage":"ru-RU","potentialAction":[{"@type":"ReadAction","target":["https:\/\/parchetstore.ro\/produs\/exquisitq-d-4763\/"]}]},{"@type":"ImageObject","inLanguage":"ru-RU","@id":"https:\/\/parchetstore.ro\/produs\/exquisitq-d-4763\/#primaryimage","url":"https:\/\/parchetstore.ro\/wp-content\/uploads\/2025\/02\/4763-main-1.jpg","contentUrl":"https:\/\/parchetstore.ro\/wp-content\/uploads\/2025\/02\/4763-main-1.jpg","width":1600,"height":900},{"@type":"BreadcrumbList","@id":"https:\/\/parchetstore.ro\/produs\/exquisitq-d-4763\/#breadcrumb","itemListElement":[{"@type":"ListItem","position":1,"name":"Prima pagin\u0103","item":"https:\/\/parchetstore.ro\/"},{"@type":"ListItem","position":2,"name":"Shop","item":"https:\/\/parchetstore.ro\/shop\/"},{"@type":"ListItem","position":3,"name":"Exquisit D 4763"}]},{"@type":"WebSite","@id":"https:\/\/parchetstore.ro\/#website","url":"https:\/\/parchetstore.ro\/","name":"Parchet laminat","description":"calitate germana","publisher":{"@id":"https:\/\/parchetstore.ro\/#organization"},"potentialAction":[{"@type":"SearchAction","target":{"@type":"EntryPoint","urlTemplate":"https:\/\/parchetstore.ro\/?s={search_term_string}"},"query-input":{"@type":"PropertyValueSpecification","valueRequired":true,"valueName":"search_term_string"}}],"inLanguage":"ru-RU"},{"@type":"Organization","@id":"https:\/\/parchetstore.ro\/#organization","name":"Parchet laminat","url":"https:\/\/parchetstore.ro\/","logo":{"@type":"ImageObject","inLanguage":"ru-RU","@id":"https:\/\/parchetstore.ro\/#\/schema\/logo\/image\/","url":"https:\/\/parchetstore.ro\/wp-content\/uploads\/2025\/03\/krono-big-img.png","contentUrl":"https:\/\/parchetstore.ro\/wp-content\/uploads\/2025\/03\/krono-big-img.png","width":600,"height":600,"caption":"Parchet laminat"},"image":{"@id":"https:\/\/parchetstore.ro\/#\/schema\/logo\/image\/"}}]}},"_links":{"self":[{"href":"https:\/\/parchetstore.ro\/ru\/wp-json\/wp\/v2\/product\/45311","targetHints":{"allow":["GET"]}}],"collection":[{"href":"https:\/\/parchetstore.ro\/ru\/wp-json\/wp\/v2\/product"}],"about":[{"href":"https:\/\/parchetstore.ro\/ru\/wp-json\/wp\/v2\/types\/product"}],"wp:featuredmedia":[{"embeddable":true,"href":"https:\/\/parchetstore.ro\/ru\/wp-json\/wp\/v2\/media\/45313"}],"wp:attachment":[{"href":"https:\/\/parchetstore.ro\/ru\/wp-json\/wp\/v2\/media?parent=45311"}],"wp:term":[{"taxonomy":"product_brand","embeddable":true,"href":"https:\/\/parchetstore.ro\/ru\/wp-json\/wp\/v2\/product_brand?post=45311"},{"taxonomy":"product_cat","embeddable":true,"href":"https:\/\/parchetstore.ro\/ru\/wp-json\/wp\/v2\/product_cat?post=45311"},{"taxonomy":"product_tag","embeddable":true,"href":"https:\/\/parchetstore.ro\/ru\/wp-json\/wp\/v2\/product_tag?post=45311"}],"curies":[{"name":"wp","href":"https:\/\/api.w.org\/{rel}","templated":true}]}}