{"id":46235,"date":"2025-12-17T13:27:46","date_gmt":"2025-12-17T13:27:46","guid":{"rendered":"https:\/\/parchetstore.ro\/?post_type=product&#038;p=46235"},"modified":"2025-12-17T17:42:36","modified_gmt":"2025-12-17T17:42:36","slug":"check-one-2470-stejar-grunewald","status":"publish","type":"product","link":"https:\/\/parchetstore.ro\/ru\/product\/check-one-2470-stejar-grunewald\/","title":{"rendered":"CHECK One &#8211;  2470 Stejar Gr\u00fcnewald"},"content":{"rendered":"<h2><b>Parchet tip SPC CHECK One \u2013 cu sistem click \u0219i folie cu izolare fonica integrat\u0103.<\/b><\/h2>\n<p>&nbsp;<\/p>\n<p class=\"p3\">Parchetul tip <span class=\"s2\"><b>SPC CHECK One &#8211; <\/b><\/span>reprezint\u0103 alegerea ideal\u0103 pentru cei care caut\u0103 combina\u021bia perfect\u0103 \u00eentre design modern, func\u021bionalitate \u0219i confort. Fa\u021b\u0103 de parchetul laminat sau clasic, acest tip de pardoseal\u0103 ofer\u0103 <span class=\"s2\"><b>rezisten\u021b\u0103 sporit\u0103<\/b><\/span>, \u00eentre\u021binere u\u0219oar\u0103 \u0219i un impact minim asupra s\u0103n\u0103t\u0103\u021bii, fiind realizat <span class=\"s2\"><b>f\u0103r\u0103 plastifian\u021bi pe pl\u0103cile suport<\/b><\/span>.<\/p>\n<p class=\"p3\">Datorit\u0103 <span class=\"s2\"><b>\u00een\u0103l\u021bimii reduse de instalare<\/b><\/span> \u0219i a <span class=\"s2\"><b>sistemului click u\u0219or de folosit<\/b><\/span>, pardoseala poate fi montat\u0103 rapid \u00een <span class=\"s2\"><b>b\u0103i, buc\u0103t\u0103rii, livinguri, dormitoare \u0219i camere pentru copii<\/b><\/span>. Placa mai dur\u0103 a modelului CHECK One permite utilizarea \u00een locuri expuse la c\u0103ldur\u0103, precum ferestre mari sau verande, f\u0103r\u0103 deform\u0103ri, conform recomand\u0103rilor produc\u0103torului. Nu este necesar\u0103 aclimatizarea materialului \u00eenainte de montaj.<\/p>\n<p class=\"p3\">Parchetul tip <span class=\"s2\"><b>SPC<\/b><\/span> este <span class=\"s2\"><b>c\u0103lduros la atingere<\/b><\/span>, robust \u0219i foarte u\u0219or de \u00eentre\u021binut. Comparativ cu lemnul natural, se zg\u00e2rie mai greu \u0219i mai pu\u021bin vizibil. Pardoselile CHECK sunt <span class=\"s2\"><b>extrem de rezistente<\/b><\/span> \u0219i potrivite at\u00e2t pentru <span class=\"s2\"><b>uz privat<\/b><\/span>, c\u00e2t \u0219i <span class=\"s2\"><b>comercial intens<\/b><\/span>. Sunt compatibile cu <span class=\"s2\"><b>\u00eenc\u0103peri umede<\/b><\/span> \u0219i <span class=\"s2\"><b>\u00eenc\u0103lzire \u00een pardoseal\u0103<\/b><\/span>, put\u00e2nd fi cur\u0103\u021bate f\u0103r\u0103 probleme cu aspiratorul sau mopul umed. Cei sensibili la alergeni de praf vor aprecia cur\u0103\u021barea u\u0219oar\u0103 \u0219i eficient\u0103.<\/p>\n<p class=\"p3\">Datorit\u0103 <span class=\"s2\"><b>decorului realist \u0219i texturii naturale<\/b><\/span>, pardoseala ofer\u0103 un aspect autentic, similar lemnului real, \u0219i creeaz\u0103 o atmosfer\u0103 <span class=\"s2\"><b>c\u0103lduroas\u0103 \u0219i primitoare<\/b><\/span>.<\/p>\n<h3><b>Colec\u021bia Standard Wide \u2013 pl\u0103ci late cu folie cu izolare fonica integrat\u0103.<\/b><\/h3>\n<p>&nbsp;<\/p>\n<p class=\"p3\">Pe l\u00e2ng\u0103 pl\u0103cile late clasice din Colec\u021bia Standard, sunt disponibile acum <span class=\"s2\"><b>pl\u0103ci de 1220 mm x 228 mm, grosime 5 mm<\/b><\/span>, cu <span class=\"s2\"><b>folia cu izolare fonica integrat\u0103<\/b><\/span>, care \u00eembun\u0103t\u0103\u021besc at\u00e2t <span class=\"s2\"><b>acustica camerei<\/b><\/span>, c\u00e2t \u0219i confortul la mers.<\/p>\n<p class=\"p3\">Cu o <span class=\"s2\"><b>clas\u0103 de utilizare 34<\/b><\/span>, aceste pardoseli sunt potrivite \u0219i pentru <span class=\"s2\"><b>zone comerciale cu trafic intens<\/b><\/span>.<\/p>","protected":false},"excerpt":{"rendered":"<p class=\"p1\"><b>Pardoseala complet\u0103 pentru orice spa\u021biu!<\/b><\/p>\n<p class=\"p3\">Pardoselile din <span class=\"s2\"><b>parchet tip SPC<\/b><\/span> reprezint\u0103 una dintre cele mai noi tendin\u021be \u00een designul interior, fiind adev\u0103rate solu\u021bii \u201eall-in-one\u201d. Sunt ideale pentru <span class=\"s2\"><b>\u00eenc\u0103peri cu umiditate ridicat\u0103<\/b><\/span>, rezistente la temperaturi ridicate, <span class=\"s2\"><b>u\u0219or de cur\u0103\u021bat<\/b><\/span> \u0219i <span class=\"s2\"><b>extrem de durabile<\/b><\/span>.<\/p>\n<p class=\"p3\">Comparativ cu parchetul laminat sau parchetul din lemn, pardoselile din <span class=\"s2\"><b>parchet tip SPC<\/b><\/span> ofer\u0103 un <span class=\"s2\"><b>confort superior<\/b><\/span>: sunt mai silen\u021bioase, mai calde la atingere \u0219i au o <span class=\"s2\"><b>clas\u0103 de utilizare semnificativ mai ridicat\u0103<\/b><\/span>. \u00cen plus, acestea se remarc\u0103 printr-o <span class=\"s2\"><b>rezisten\u021b\u0103 excelent\u0103 la uzur\u0103<\/b><\/span>, nu se deterioreaz\u0103 \u00een timp \u0219i impresioneaz\u0103 printr-o durat\u0103 de via\u021b\u0103 \u00eendelungat\u0103.<\/p>\n<p class=\"p3\">Aceste performan\u021be se datoreaz\u0103 \u00een mare parte utiliz\u0103rii <span class=\"s2\"><b>parchetului tip SPC (Stone Polymer Composite)<\/b><\/span>, cunoscut \u0219i sub denumirea de <span class=\"s2\"><b>parchet rigid<\/b><\/span>, un material modern, stabil \u0219i extrem de rezistent, ideal at\u00e2t pentru spa\u021bii reziden\u021biale, c\u00e2t \u0219i comerciale.<\/p>","protected":false},"featured_media":46240,"template":"","meta":[],"product_brand":[279],"product_cat":[265],"product_tag":[],"class_list":{"0":"post-46235","1":"product","2":"type-product","3":"status-publish","4":"has-post-thumbnail","6":"product_brand-check-one","7":"product_cat-colectia-standard","10":"first","11":"instock","12":"shipping-taxable","13":"purchasable","14":"product-type-simple"},"yoast_head":"<!-- This site is optimized with the Yoast SEO plugin v27.4 - https:\/\/yoast.com\/product\/yoast-seo-wordpress\/ -->\n<title>CHECK One - 2470 Stejar Gr\u00fcnewald - Parchet laminat<\/title>\n<meta name=\"robots\" content=\"index, follow, max-snippet:-1, max-image-preview:large, max-video-preview:-1\" \/>\n<link rel=\"canonical\" href=\"https:\/\/parchetstore.ro\/ru\/product\/check-one-2470-stejar-grunewald\/\" \/>\n<meta property=\"og:locale\" content=\"ru_RU\" \/>\n<meta property=\"og:type\" content=\"article\" \/>\n<meta property=\"og:title\" content=\"CHECK One - 2470 Stejar Gr\u00fcnewald - Parchet laminat\" \/>\n<meta property=\"og:description\" content=\"Pardoseala complet\u0103 pentru orice spa\u021biu! Pardoselile din parchet tip SPC reprezint\u0103 una dintre cele mai noi tendin\u021be \u00een designul interior, fiind adev\u0103rate solu\u021bii \u201eall-in-one\u201d. Sunt ideale pentru \u00eenc\u0103peri cu umiditate ridicat\u0103, rezistente la temperaturi ridicate, u\u0219or de cur\u0103\u021bat \u0219i extrem de durabile. Comparativ cu parchetul laminat sau parchetul din lemn, pardoselile din parchet tip SPC ofer\u0103 un confort superior: sunt mai silen\u021bioase, mai calde la atingere \u0219i au o clas\u0103 de utilizare semnificativ mai ridicat\u0103. \u00cen plus, acestea se remarc\u0103 printr-o rezisten\u021b\u0103 excelent\u0103 la uzur\u0103, nu se deterioreaz\u0103 \u00een timp \u0219i impresioneaz\u0103 printr-o durat\u0103 de via\u021b\u0103 \u00eendelungat\u0103. Aceste performan\u021be se datoreaz\u0103 \u00een mare parte utiliz\u0103rii parchetului tip SPC (Stone Polymer Composite), cunoscut \u0219i sub denumirea de parchet rigid, un material modern, stabil \u0219i extrem de rezistent, ideal at\u00e2t pentru spa\u021bii reziden\u021biale, c\u00e2t \u0219i comerciale.\" \/>\n<meta property=\"og:url\" content=\"https:\/\/parchetstore.ro\/ru\/product\/check-one-2470-stejar-grunewald\/\" \/>\n<meta property=\"og:site_name\" content=\"Parchet laminat\" \/>\n<meta property=\"article:modified_time\" content=\"2025-12-17T17:42:36+00:00\" \/>\n<meta property=\"og:image\" content=\"https:\/\/parchetstore.ro\/wp-content\/uploads\/2025\/12\/SPC2470.jpg\" \/>\n\t<meta property=\"og:image:width\" content=\"1024\" \/>\n\t<meta property=\"og:image:height\" content=\"768\" \/>\n\t<meta property=\"og:image:type\" content=\"image\/jpeg\" \/>\n<meta name=\"twitter:card\" content=\"summary_large_image\" \/>\n<meta name=\"twitter:label1\" content=\"\u041f\u0440\u0438\u043c\u0435\u0440\u043d\u043e\u0435 \u0432\u0440\u0435\u043c\u044f \u0434\u043b\u044f \u0447\u0442\u0435\u043d\u0438\u044f\" \/>\n\t<meta name=\"twitter:data1\" content=\"2 \u043c\u0438\u043d\u0443\u0442\u044b\" \/>\n<script type=\"application\/ld+json\" class=\"yoast-schema-graph\">{\"@context\":\"https:\\\/\\\/schema.org\",\"@graph\":[{\"@type\":\"WebPage\",\"@id\":\"https:\\\/\\\/parchetstore.ro\\\/produs\\\/check-one-2470-stejar-grunewald\\\/\",\"url\":\"https:\\\/\\\/parchetstore.ro\\\/produs\\\/check-one-2470-stejar-grunewald\\\/\",\"name\":\"CHECK One - 2470 Stejar Gr\u00fcnewald - Parchet laminat\",\"isPartOf\":{\"@id\":\"https:\\\/\\\/parchetstore.ro\\\/#website\"},\"primaryImageOfPage\":{\"@id\":\"https:\\\/\\\/parchetstore.ro\\\/produs\\\/check-one-2470-stejar-grunewald\\\/#primaryimage\"},\"image\":{\"@id\":\"https:\\\/\\\/parchetstore.ro\\\/produs\\\/check-one-2470-stejar-grunewald\\\/#primaryimage\"},\"thumbnailUrl\":\"https:\\\/\\\/parchetstore.ro\\\/wp-content\\\/uploads\\\/2025\\\/12\\\/SPC2470.jpg\",\"datePublished\":\"2025-12-17T13:27:46+00:00\",\"dateModified\":\"2025-12-17T17:42:36+00:00\",\"breadcrumb\":{\"@id\":\"https:\\\/\\\/parchetstore.ro\\\/produs\\\/check-one-2470-stejar-grunewald\\\/#breadcrumb\"},\"inLanguage\":\"ru-RU\",\"potentialAction\":[{\"@type\":\"ReadAction\",\"target\":[\"https:\\\/\\\/parchetstore.ro\\\/produs\\\/check-one-2470-stejar-grunewald\\\/\"]}]},{\"@type\":\"ImageObject\",\"inLanguage\":\"ru-RU\",\"@id\":\"https:\\\/\\\/parchetstore.ro\\\/produs\\\/check-one-2470-stejar-grunewald\\\/#primaryimage\",\"url\":\"https:\\\/\\\/parchetstore.ro\\\/wp-content\\\/uploads\\\/2025\\\/12\\\/SPC2470.jpg\",\"contentUrl\":\"https:\\\/\\\/parchetstore.ro\\\/wp-content\\\/uploads\\\/2025\\\/12\\\/SPC2470.jpg\",\"width\":1024,\"height\":768},{\"@type\":\"BreadcrumbList\",\"@id\":\"https:\\\/\\\/parchetstore.ro\\\/produs\\\/check-one-2470-stejar-grunewald\\\/#breadcrumb\",\"itemListElement\":[{\"@type\":\"ListItem\",\"position\":1,\"name\":\"Prima pagin\u0103\",\"item\":\"https:\\\/\\\/parchetstore.ro\\\/\"},{\"@type\":\"ListItem\",\"position\":2,\"name\":\"Shop\",\"item\":\"https:\\\/\\\/parchetstore.ro\\\/shop\\\/\"},{\"@type\":\"ListItem\",\"position\":3,\"name\":\"CHECK One &#8211; 2470 Stejar Gr\u00fcnewald\"}]},{\"@type\":\"WebSite\",\"@id\":\"https:\\\/\\\/parchetstore.ro\\\/#website\",\"url\":\"https:\\\/\\\/parchetstore.ro\\\/\",\"name\":\"Parchet laminat\",\"description\":\"calitate germana\",\"publisher\":{\"@id\":\"https:\\\/\\\/parchetstore.ro\\\/#organization\"},\"potentialAction\":[{\"@type\":\"SearchAction\",\"target\":{\"@type\":\"EntryPoint\",\"urlTemplate\":\"https:\\\/\\\/parchetstore.ro\\\/?s={search_term_string}\"},\"query-input\":{\"@type\":\"PropertyValueSpecification\",\"valueRequired\":true,\"valueName\":\"search_term_string\"}}],\"inLanguage\":\"ru-RU\"},{\"@type\":\"Organization\",\"@id\":\"https:\\\/\\\/parchetstore.ro\\\/#organization\",\"name\":\"Parchet laminat\",\"url\":\"https:\\\/\\\/parchetstore.ro\\\/\",\"logo\":{\"@type\":\"ImageObject\",\"inLanguage\":\"ru-RU\",\"@id\":\"https:\\\/\\\/parchetstore.ro\\\/#\\\/schema\\\/logo\\\/image\\\/\",\"url\":\"https:\\\/\\\/parchetstore.ro\\\/wp-content\\\/uploads\\\/2025\\\/03\\\/krono-big-img.png\",\"contentUrl\":\"https:\\\/\\\/parchetstore.ro\\\/wp-content\\\/uploads\\\/2025\\\/03\\\/krono-big-img.png\",\"width\":600,\"height\":600,\"caption\":\"Parchet laminat\"},\"image\":{\"@id\":\"https:\\\/\\\/parchetstore.ro\\\/#\\\/schema\\\/logo\\\/image\\\/\"}}]}<\/script>\n<!-- \/ Yoast SEO plugin. -->","yoast_head_json":{"title":"CHECK One - 2470 Stejar Gr\u00fcnewald - Parchet laminat","robots":{"index":"index","follow":"follow","max-snippet":"max-snippet:-1","max-image-preview":"max-image-preview:large","max-video-preview":"max-video-preview:-1"},"canonical":"https:\/\/parchetstore.ro\/ru\/product\/check-one-2470-stejar-grunewald\/","og_locale":"ru_RU","og_type":"article","og_title":"CHECK One - 2470 Stejar Gr\u00fcnewald - Parchet laminat","og_description":"Pardoseala complet\u0103 pentru orice spa\u021biu! Pardoselile din parchet tip SPC reprezint\u0103 una dintre cele mai noi tendin\u021be \u00een designul interior, fiind adev\u0103rate solu\u021bii \u201eall-in-one\u201d. Sunt ideale pentru \u00eenc\u0103peri cu umiditate ridicat\u0103, rezistente la temperaturi ridicate, u\u0219or de cur\u0103\u021bat \u0219i extrem de durabile. Comparativ cu parchetul laminat sau parchetul din lemn, pardoselile din parchet tip SPC ofer\u0103 un confort superior: sunt mai silen\u021bioase, mai calde la atingere \u0219i au o clas\u0103 de utilizare semnificativ mai ridicat\u0103. \u00cen plus, acestea se remarc\u0103 printr-o rezisten\u021b\u0103 excelent\u0103 la uzur\u0103, nu se deterioreaz\u0103 \u00een timp \u0219i impresioneaz\u0103 printr-o durat\u0103 de via\u021b\u0103 \u00eendelungat\u0103. Aceste performan\u021be se datoreaz\u0103 \u00een mare parte utiliz\u0103rii parchetului tip SPC (Stone Polymer Composite), cunoscut \u0219i sub denumirea de parchet rigid, un material modern, stabil \u0219i extrem de rezistent, ideal at\u00e2t pentru spa\u021bii reziden\u021biale, c\u00e2t \u0219i comerciale.","og_url":"https:\/\/parchetstore.ro\/ru\/product\/check-one-2470-stejar-grunewald\/","og_site_name":"Parchet laminat","article_modified_time":"2025-12-17T17:42:36+00:00","og_image":[{"width":1024,"height":768,"url":"https:\/\/parchetstore.ro\/wp-content\/uploads\/2025\/12\/SPC2470.jpg","type":"image\/jpeg"}],"twitter_card":"summary_large_image","twitter_misc":{"\u041f\u0440\u0438\u043c\u0435\u0440\u043d\u043e\u0435 \u0432\u0440\u0435\u043c\u044f \u0434\u043b\u044f \u0447\u0442\u0435\u043d\u0438\u044f":"2 \u043c\u0438\u043d\u0443\u0442\u044b"},"schema":{"@context":"https:\/\/schema.org","@graph":[{"@type":"WebPage","@id":"https:\/\/parchetstore.ro\/produs\/check-one-2470-stejar-grunewald\/","url":"https:\/\/parchetstore.ro\/produs\/check-one-2470-stejar-grunewald\/","name":"CHECK One - 2470 Stejar Gr\u00fcnewald - Parchet laminat","isPartOf":{"@id":"https:\/\/parchetstore.ro\/#website"},"primaryImageOfPage":{"@id":"https:\/\/parchetstore.ro\/produs\/check-one-2470-stejar-grunewald\/#primaryimage"},"image":{"@id":"https:\/\/parchetstore.ro\/produs\/check-one-2470-stejar-grunewald\/#primaryimage"},"thumbnailUrl":"https:\/\/parchetstore.ro\/wp-content\/uploads\/2025\/12\/SPC2470.jpg","datePublished":"2025-12-17T13:27:46+00:00","dateModified":"2025-12-17T17:42:36+00:00","breadcrumb":{"@id":"https:\/\/parchetstore.ro\/produs\/check-one-2470-stejar-grunewald\/#breadcrumb"},"inLanguage":"ru-RU","potentialAction":[{"@type":"ReadAction","target":["https:\/\/parchetstore.ro\/produs\/check-one-2470-stejar-grunewald\/"]}]},{"@type":"ImageObject","inLanguage":"ru-RU","@id":"https:\/\/parchetstore.ro\/produs\/check-one-2470-stejar-grunewald\/#primaryimage","url":"https:\/\/parchetstore.ro\/wp-content\/uploads\/2025\/12\/SPC2470.jpg","contentUrl":"https:\/\/parchetstore.ro\/wp-content\/uploads\/2025\/12\/SPC2470.jpg","width":1024,"height":768},{"@type":"BreadcrumbList","@id":"https:\/\/parchetstore.ro\/produs\/check-one-2470-stejar-grunewald\/#breadcrumb","itemListElement":[{"@type":"ListItem","position":1,"name":"Prima pagin\u0103","item":"https:\/\/parchetstore.ro\/"},{"@type":"ListItem","position":2,"name":"Shop","item":"https:\/\/parchetstore.ro\/shop\/"},{"@type":"ListItem","position":3,"name":"CHECK One &#8211; 2470 Stejar Gr\u00fcnewald"}]},{"@type":"WebSite","@id":"https:\/\/parchetstore.ro\/#website","url":"https:\/\/parchetstore.ro\/","name":"Parchet laminat","description":"calitate germana","publisher":{"@id":"https:\/\/parchetstore.ro\/#organization"},"potentialAction":[{"@type":"SearchAction","target":{"@type":"EntryPoint","urlTemplate":"https:\/\/parchetstore.ro\/?s={search_term_string}"},"query-input":{"@type":"PropertyValueSpecification","valueRequired":true,"valueName":"search_term_string"}}],"inLanguage":"ru-RU"},{"@type":"Organization","@id":"https:\/\/parchetstore.ro\/#organization","name":"Parchet laminat","url":"https:\/\/parchetstore.ro\/","logo":{"@type":"ImageObject","inLanguage":"ru-RU","@id":"https:\/\/parchetstore.ro\/#\/schema\/logo\/image\/","url":"https:\/\/parchetstore.ro\/wp-content\/uploads\/2025\/03\/krono-big-img.png","contentUrl":"https:\/\/parchetstore.ro\/wp-content\/uploads\/2025\/03\/krono-big-img.png","width":600,"height":600,"caption":"Parchet laminat"},"image":{"@id":"https:\/\/parchetstore.ro\/#\/schema\/logo\/image\/"}}]}},"_links":{"self":[{"href":"https:\/\/parchetstore.ro\/ru\/wp-json\/wp\/v2\/product\/46235","targetHints":{"allow":["GET"]}}],"collection":[{"href":"https:\/\/parchetstore.ro\/ru\/wp-json\/wp\/v2\/product"}],"about":[{"href":"https:\/\/parchetstore.ro\/ru\/wp-json\/wp\/v2\/types\/product"}],"wp:featuredmedia":[{"embeddable":true,"href":"https:\/\/parchetstore.ro\/ru\/wp-json\/wp\/v2\/media\/46240"}],"wp:attachment":[{"href":"https:\/\/parchetstore.ro\/ru\/wp-json\/wp\/v2\/media?parent=46235"}],"wp:term":[{"taxonomy":"product_brand","embeddable":true,"href":"https:\/\/parchetstore.ro\/ru\/wp-json\/wp\/v2\/product_brand?post=46235"},{"taxonomy":"product_cat","embeddable":true,"href":"https:\/\/parchetstore.ro\/ru\/wp-json\/wp\/v2\/product_cat?post=46235"},{"taxonomy":"product_tag","embeddable":true,"href":"https:\/\/parchetstore.ro\/ru\/wp-json\/wp\/v2\/product_tag?post=46235"}],"curies":[{"name":"wp","href":"https:\/\/api.w.org\/{rel}","templated":true}]}}