{"id":46262,"date":"2025-12-17T17:47:00","date_gmt":"2025-12-17T17:47:00","guid":{"rendered":"https:\/\/parchetstore.ro\/?post_type=product&#038;p=46262"},"modified":"2025-12-17T18:03:22","modified_gmt":"2025-12-17T18:03:22","slug":"folie-substrat-pentru-parchet-laminat-kronotex-premium-sound","status":"publish","type":"product","link":"https:\/\/parchetstore.ro\/ru\/product\/folie-substrat-pentru-parchet-laminat-kronotex-premium-sound\/","title":{"rendered":"Folie Substrat pentru Parchet Laminat &#8211; Kronotex Premium Sound"},"content":{"rendered":"<h2><b>KRONOTEX Premium Sound \u2013 Substrat profesional pentru parchet \u0219i laminat<\/b><\/h2>\n<p>&nbsp;<\/p>\n<p class=\"p3\"><span class=\"s2\"><b>KRONOTEX Premium Sound<\/b><\/span> este o Folie Underlay cu \u00a0performan\u021b\u0103 acustic\u0103, bariera de vapori si o rezisten\u021ba la tasare&#8230;.\u00eentr-un singur produs. Conceput pentru pardoseli laminate \u0219i parchet, acest substrat Premium ofer\u0103 o reducere excelent\u0103 a zgomotului de impact, stabilitate ridicat\u0103 la presiune \u0219i compatibilitate total\u0103 cu sistemele de \u00eenc\u0103lzire prin pardoseal\u0103, av\u00e2nd un indice de rezisten\u021ba la \u00a0transferul termic de doar 0,01 m2K\/W.<\/p>\n<hr \/>\n<p>&nbsp;<\/p>\n<h3><b>Caracteristici principale<\/b><\/h3>\n<p>&nbsp;<\/p>\n<ul>\n<li>\n<p class=\"p1\"><b>Compozi\u021bie avansat\u0103:<\/b><b><\/b><\/p>\n<p class=\"p2\">Film suport PET cu aluminiu, strat greu din poliuretan \u0219i laminare HDPE de \u00eenalt\u0103 calitate.<\/p>\n<\/li>\n<li>\n<p class=\"p1\"><b>Atenuare superioar\u0103 a zgomotului:<\/b><b><\/b><\/p>\n<ul>\n<li>\n<p class=\"p1\">Reducerea zgomotului de impact: <span class=\"s1\"><b>18 dB<\/b><b><\/b><\/span><\/p>\n<\/li>\n<li>\n<p class=\"p1\">Reducerea zgomotului de mers reflectat: <span class=\"s1\"><b>25%<\/b><\/span><\/p>\n<\/li>\n<\/ul>\n<p>&nbsp;<\/li>\n<li>\n<p class=\"p1\"><b>Performan\u021b\u0103 tehnic\u0103 de top:<\/b><b><\/b><\/p>\n<ul>\n<li>\n<p class=\"p1\">Grosime: <span class=\"s1\"><b>1,80 mm<\/b><b><\/b><\/span><\/p>\n<\/li>\n<li>\n<p class=\"p1\"><span class=\"s1\">Gramaj: <\/span><b>1500 g\/m\u00b2<\/b><b><\/b><\/p>\n<\/li>\n<li>\n<p class=\"p1\">Densitate: <span class=\"s1\"><b>833 kg\/m\u00b3<\/b><b><\/b><\/span><\/p>\n<\/li>\n<li>\n<p class=\"p1\">Evit\u0103 \u0219i compenseaz\u0103 denivel\u0103rile mici: <span class=\"s1\"><b>p\u00e2n\u0103 la 1,02 mm<\/b><b><\/b><\/span><\/p>\n<\/li>\n<li>\n<p class=\"p1\">Stabilitate la presiune: <span class=\"s1\"><b>p\u00e2n\u0103 la 22 t\/m\u00b2<\/b><b><\/b><\/span><\/p>\n<\/li>\n<li>\n<p class=\"p1\">Reac\u021bie la foc: <span class=\"s1\"><b>Bfl-s1<\/b><\/span> (standard european)<\/p>\n<\/li>\n<\/ul>\n<p>&nbsp;<\/li>\n<li>\n<p class=\"p1\"><b>Ideal pentru \u00eenc\u0103lzire prin pardoseal\u0103:<\/b><b><\/b><\/p>\n<p class=\"p2\">Rezisten\u021b\u0103 termic\u0103 redus\u0103 \u2013 doar <span class=\"s1\"><b>0,01 m\u00b2K\/W<\/b><b><\/b><\/span><\/p>\n<\/li>\n<li>\n<p class=\"p1\"><b>Protec\u021bie \u00eempotriva umidit\u0103\u021bii:<\/b><b><\/b><\/p>\n<p class=\"p2\">Include folie barier\u0103 de vapori din aluminiu.<\/p>\n<\/li>\n<\/ul>\n<p>&nbsp;<\/p>\n<hr \/>\n<p>&nbsp;<\/p>\n<h3><b>De ce s\u0103 alegi KRONOTEX Premium Sound?<\/b><\/h3>\n<p>&nbsp;<\/p>\n<p class=\"p3\">\u2714 Performan\u021b\u0103 acustic\u0103 excelent\u0103<\/p>\n<p class=\"p3\">\u2714 Stabilitate \u0219i durabilitate la \u00eenc\u0103rc\u0103ri mari<\/p>\n<p class=\"p3\">\u2714 Compatibil cu toate tipurile de pardoseli laminate \u0219i majoritatea tipurilor de parchet<\/p>\n<p class=\"p3\">\u2714 Ideal pentru proiecte reziden\u021biale \u0219i comerciale<\/p>\n<p class=\"p3\">\u2714 Instalare rapid\u0103, rezultate premium<\/p>\n<p>&nbsp;<\/p>\n<p>&nbsp;<\/p>","protected":false},"excerpt":{"rendered":"<p><strong>Folie Underlay &#8211; Kronotex Premium Sound.<\/strong><\/p>\n<p class=\"p1\">Folie pentru pardoseli laminate \u0219i parchet, cu izolare fonica si barier\u0103 de vapori cu substrat din aluminiu.<br \/>\nGrosime &#8211; 1,8mm<br \/>\nRola &#8211; 8,5mp<br \/>\nDimensiuni &#8211; <i>8,50 m \u00a0x 1,00 m x 1,8 mm = 8,50 mp.<\/i><\/p>","protected":false},"featured_media":46180,"template":"","meta":[],"product_brand":[189],"product_cat":[270],"product_tag":[],"class_list":{"0":"post-46262","1":"product","2":"type-product","3":"status-publish","4":"has-post-thumbnail","6":"product_brand-kronotex","7":"product_cat-folie-underlay","10":"first","11":"instock","12":"shipping-taxable","13":"purchasable","14":"product-type-simple"},"yoast_head":"<!-- This site is optimized with the Yoast SEO plugin v27.4 - https:\/\/yoast.com\/product\/yoast-seo-wordpress\/ -->\n<title>Folie Substrat pentru Parchet Laminat - Kronotex Premium Sound - Parchet laminat<\/title>\n<meta name=\"robots\" content=\"index, follow, max-snippet:-1, max-image-preview:large, max-video-preview:-1\" \/>\n<link rel=\"canonical\" href=\"https:\/\/parchetstore.ro\/ru\/product\/folie-substrat-pentru-parchet-laminat-kronotex-premium-sound\/\" \/>\n<meta property=\"og:locale\" content=\"ru_RU\" \/>\n<meta property=\"og:type\" content=\"article\" \/>\n<meta property=\"og:title\" content=\"Folie Substrat pentru Parchet Laminat - Kronotex Premium Sound - Parchet laminat\" \/>\n<meta property=\"og:description\" content=\"Folie Underlay - Kronotex Premium Sound. Folie pentru pardoseli laminate \u0219i parchet, cu izolare fonica si barier\u0103 de vapori cu substrat din aluminiu. Grosime - 1,8mm Rola - 8,5mp Dimensiuni - 8,50 m \u00a0x 1,00 m x 1,8 mm = 8,50 mp.\" \/>\n<meta property=\"og:url\" content=\"https:\/\/parchetstore.ro\/ru\/product\/folie-substrat-pentru-parchet-laminat-kronotex-premium-sound\/\" \/>\n<meta property=\"og:site_name\" content=\"Parchet laminat\" \/>\n<meta property=\"article:modified_time\" content=\"2025-12-17T18:03:22+00:00\" \/>\n<meta property=\"og:image\" content=\"https:\/\/parchetstore.ro\/wp-content\/uploads\/2025\/12\/1023_Superior_Premium_Sound_web2_1920x1920.jpg\" \/>\n\t<meta property=\"og:image:width\" content=\"800\" \/>\n\t<meta property=\"og:image:height\" content=\"533\" \/>\n\t<meta property=\"og:image:type\" content=\"image\/jpeg\" \/>\n<meta name=\"twitter:card\" content=\"summary_large_image\" \/>\n<meta name=\"twitter:label1\" content=\"\u041f\u0440\u0438\u043c\u0435\u0440\u043d\u043e\u0435 \u0432\u0440\u0435\u043c\u044f \u0434\u043b\u044f \u0447\u0442\u0435\u043d\u0438\u044f\" \/>\n\t<meta name=\"twitter:data1\" content=\"2 \u043c\u0438\u043d\u0443\u0442\u044b\" \/>\n<script type=\"application\/ld+json\" class=\"yoast-schema-graph\">{\"@context\":\"https:\\\/\\\/schema.org\",\"@graph\":[{\"@type\":\"WebPage\",\"@id\":\"https:\\\/\\\/parchetstore.ro\\\/produs\\\/folie-substrat-pentru-parchet-laminat-kronotex-premium-sound\\\/\",\"url\":\"https:\\\/\\\/parchetstore.ro\\\/produs\\\/folie-substrat-pentru-parchet-laminat-kronotex-premium-sound\\\/\",\"name\":\"Folie Substrat pentru Parchet Laminat - Kronotex Premium Sound - Parchet laminat\",\"isPartOf\":{\"@id\":\"https:\\\/\\\/parchetstore.ro\\\/#website\"},\"primaryImageOfPage\":{\"@id\":\"https:\\\/\\\/parchetstore.ro\\\/produs\\\/folie-substrat-pentru-parchet-laminat-kronotex-premium-sound\\\/#primaryimage\"},\"image\":{\"@id\":\"https:\\\/\\\/parchetstore.ro\\\/produs\\\/folie-substrat-pentru-parchet-laminat-kronotex-premium-sound\\\/#primaryimage\"},\"thumbnailUrl\":\"https:\\\/\\\/parchetstore.ro\\\/wp-content\\\/uploads\\\/2025\\\/12\\\/1023_Superior_Premium_Sound_web2_1920x1920.jpg\",\"datePublished\":\"2025-12-17T17:47:00+00:00\",\"dateModified\":\"2025-12-17T18:03:22+00:00\",\"breadcrumb\":{\"@id\":\"https:\\\/\\\/parchetstore.ro\\\/produs\\\/folie-substrat-pentru-parchet-laminat-kronotex-premium-sound\\\/#breadcrumb\"},\"inLanguage\":\"ru-RU\",\"potentialAction\":[{\"@type\":\"ReadAction\",\"target\":[\"https:\\\/\\\/parchetstore.ro\\\/produs\\\/folie-substrat-pentru-parchet-laminat-kronotex-premium-sound\\\/\"]}]},{\"@type\":\"ImageObject\",\"inLanguage\":\"ru-RU\",\"@id\":\"https:\\\/\\\/parchetstore.ro\\\/produs\\\/folie-substrat-pentru-parchet-laminat-kronotex-premium-sound\\\/#primaryimage\",\"url\":\"https:\\\/\\\/parchetstore.ro\\\/wp-content\\\/uploads\\\/2025\\\/12\\\/1023_Superior_Premium_Sound_web2_1920x1920.jpg\",\"contentUrl\":\"https:\\\/\\\/parchetstore.ro\\\/wp-content\\\/uploads\\\/2025\\\/12\\\/1023_Superior_Premium_Sound_web2_1920x1920.jpg\",\"width\":800,\"height\":533},{\"@type\":\"BreadcrumbList\",\"@id\":\"https:\\\/\\\/parchetstore.ro\\\/produs\\\/folie-substrat-pentru-parchet-laminat-kronotex-premium-sound\\\/#breadcrumb\",\"itemListElement\":[{\"@type\":\"ListItem\",\"position\":1,\"name\":\"Prima pagin\u0103\",\"item\":\"https:\\\/\\\/parchetstore.ro\\\/\"},{\"@type\":\"ListItem\",\"position\":2,\"name\":\"Shop\",\"item\":\"https:\\\/\\\/parchetstore.ro\\\/shop\\\/\"},{\"@type\":\"ListItem\",\"position\":3,\"name\":\"Folie Substrat pentru Parchet Laminat &#8211; Kronotex Premium Sound\"}]},{\"@type\":\"WebSite\",\"@id\":\"https:\\\/\\\/parchetstore.ro\\\/#website\",\"url\":\"https:\\\/\\\/parchetstore.ro\\\/\",\"name\":\"Parchet laminat\",\"description\":\"calitate germana\",\"publisher\":{\"@id\":\"https:\\\/\\\/parchetstore.ro\\\/#organization\"},\"potentialAction\":[{\"@type\":\"SearchAction\",\"target\":{\"@type\":\"EntryPoint\",\"urlTemplate\":\"https:\\\/\\\/parchetstore.ro\\\/?s={search_term_string}\"},\"query-input\":{\"@type\":\"PropertyValueSpecification\",\"valueRequired\":true,\"valueName\":\"search_term_string\"}}],\"inLanguage\":\"ru-RU\"},{\"@type\":\"Organization\",\"@id\":\"https:\\\/\\\/parchetstore.ro\\\/#organization\",\"name\":\"Parchet laminat\",\"url\":\"https:\\\/\\\/parchetstore.ro\\\/\",\"logo\":{\"@type\":\"ImageObject\",\"inLanguage\":\"ru-RU\",\"@id\":\"https:\\\/\\\/parchetstore.ro\\\/#\\\/schema\\\/logo\\\/image\\\/\",\"url\":\"https:\\\/\\\/parchetstore.ro\\\/wp-content\\\/uploads\\\/2025\\\/03\\\/krono-big-img.png\",\"contentUrl\":\"https:\\\/\\\/parchetstore.ro\\\/wp-content\\\/uploads\\\/2025\\\/03\\\/krono-big-img.png\",\"width\":600,\"height\":600,\"caption\":\"Parchet laminat\"},\"image\":{\"@id\":\"https:\\\/\\\/parchetstore.ro\\\/#\\\/schema\\\/logo\\\/image\\\/\"}}]}<\/script>\n<!-- \/ Yoast SEO plugin. -->","yoast_head_json":{"title":"Folie Substrat pentru Parchet Laminat - Kronotex Premium Sound - Parchet laminat","robots":{"index":"index","follow":"follow","max-snippet":"max-snippet:-1","max-image-preview":"max-image-preview:large","max-video-preview":"max-video-preview:-1"},"canonical":"https:\/\/parchetstore.ro\/ru\/product\/folie-substrat-pentru-parchet-laminat-kronotex-premium-sound\/","og_locale":"ru_RU","og_type":"article","og_title":"Folie Substrat pentru Parchet Laminat - Kronotex Premium Sound - Parchet laminat","og_description":"Folie Underlay - Kronotex Premium Sound. Folie pentru pardoseli laminate \u0219i parchet, cu izolare fonica si barier\u0103 de vapori cu substrat din aluminiu. Grosime - 1,8mm Rola - 8,5mp Dimensiuni - 8,50 m \u00a0x 1,00 m x 1,8 mm = 8,50 mp.","og_url":"https:\/\/parchetstore.ro\/ru\/product\/folie-substrat-pentru-parchet-laminat-kronotex-premium-sound\/","og_site_name":"Parchet laminat","article_modified_time":"2025-12-17T18:03:22+00:00","og_image":[{"width":800,"height":533,"url":"https:\/\/parchetstore.ro\/wp-content\/uploads\/2025\/12\/1023_Superior_Premium_Sound_web2_1920x1920.jpg","type":"image\/jpeg"}],"twitter_card":"summary_large_image","twitter_misc":{"\u041f\u0440\u0438\u043c\u0435\u0440\u043d\u043e\u0435 \u0432\u0440\u0435\u043c\u044f \u0434\u043b\u044f \u0447\u0442\u0435\u043d\u0438\u044f":"2 \u043c\u0438\u043d\u0443\u0442\u044b"},"schema":{"@context":"https:\/\/schema.org","@graph":[{"@type":"WebPage","@id":"https:\/\/parchetstore.ro\/produs\/folie-substrat-pentru-parchet-laminat-kronotex-premium-sound\/","url":"https:\/\/parchetstore.ro\/produs\/folie-substrat-pentru-parchet-laminat-kronotex-premium-sound\/","name":"Folie Substrat pentru Parchet Laminat - Kronotex Premium Sound - Parchet laminat","isPartOf":{"@id":"https:\/\/parchetstore.ro\/#website"},"primaryImageOfPage":{"@id":"https:\/\/parchetstore.ro\/produs\/folie-substrat-pentru-parchet-laminat-kronotex-premium-sound\/#primaryimage"},"image":{"@id":"https:\/\/parchetstore.ro\/produs\/folie-substrat-pentru-parchet-laminat-kronotex-premium-sound\/#primaryimage"},"thumbnailUrl":"https:\/\/parchetstore.ro\/wp-content\/uploads\/2025\/12\/1023_Superior_Premium_Sound_web2_1920x1920.jpg","datePublished":"2025-12-17T17:47:00+00:00","dateModified":"2025-12-17T18:03:22+00:00","breadcrumb":{"@id":"https:\/\/parchetstore.ro\/produs\/folie-substrat-pentru-parchet-laminat-kronotex-premium-sound\/#breadcrumb"},"inLanguage":"ru-RU","potentialAction":[{"@type":"ReadAction","target":["https:\/\/parchetstore.ro\/produs\/folie-substrat-pentru-parchet-laminat-kronotex-premium-sound\/"]}]},{"@type":"ImageObject","inLanguage":"ru-RU","@id":"https:\/\/parchetstore.ro\/produs\/folie-substrat-pentru-parchet-laminat-kronotex-premium-sound\/#primaryimage","url":"https:\/\/parchetstore.ro\/wp-content\/uploads\/2025\/12\/1023_Superior_Premium_Sound_web2_1920x1920.jpg","contentUrl":"https:\/\/parchetstore.ro\/wp-content\/uploads\/2025\/12\/1023_Superior_Premium_Sound_web2_1920x1920.jpg","width":800,"height":533},{"@type":"BreadcrumbList","@id":"https:\/\/parchetstore.ro\/produs\/folie-substrat-pentru-parchet-laminat-kronotex-premium-sound\/#breadcrumb","itemListElement":[{"@type":"ListItem","position":1,"name":"Prima pagin\u0103","item":"https:\/\/parchetstore.ro\/"},{"@type":"ListItem","position":2,"name":"Shop","item":"https:\/\/parchetstore.ro\/shop\/"},{"@type":"ListItem","position":3,"name":"Folie Substrat pentru Parchet Laminat &#8211; Kronotex Premium Sound"}]},{"@type":"WebSite","@id":"https:\/\/parchetstore.ro\/#website","url":"https:\/\/parchetstore.ro\/","name":"Parchet laminat","description":"calitate germana","publisher":{"@id":"https:\/\/parchetstore.ro\/#organization"},"potentialAction":[{"@type":"SearchAction","target":{"@type":"EntryPoint","urlTemplate":"https:\/\/parchetstore.ro\/?s={search_term_string}"},"query-input":{"@type":"PropertyValueSpecification","valueRequired":true,"valueName":"search_term_string"}}],"inLanguage":"ru-RU"},{"@type":"Organization","@id":"https:\/\/parchetstore.ro\/#organization","name":"Parchet laminat","url":"https:\/\/parchetstore.ro\/","logo":{"@type":"ImageObject","inLanguage":"ru-RU","@id":"https:\/\/parchetstore.ro\/#\/schema\/logo\/image\/","url":"https:\/\/parchetstore.ro\/wp-content\/uploads\/2025\/03\/krono-big-img.png","contentUrl":"https:\/\/parchetstore.ro\/wp-content\/uploads\/2025\/03\/krono-big-img.png","width":600,"height":600,"caption":"Parchet laminat"},"image":{"@id":"https:\/\/parchetstore.ro\/#\/schema\/logo\/image\/"}}]}},"_links":{"self":[{"href":"https:\/\/parchetstore.ro\/ru\/wp-json\/wp\/v2\/product\/46262","targetHints":{"allow":["GET"]}}],"collection":[{"href":"https:\/\/parchetstore.ro\/ru\/wp-json\/wp\/v2\/product"}],"about":[{"href":"https:\/\/parchetstore.ro\/ru\/wp-json\/wp\/v2\/types\/product"}],"wp:featuredmedia":[{"embeddable":true,"href":"https:\/\/parchetstore.ro\/ru\/wp-json\/wp\/v2\/media\/46180"}],"wp:attachment":[{"href":"https:\/\/parchetstore.ro\/ru\/wp-json\/wp\/v2\/media?parent=46262"}],"wp:term":[{"taxonomy":"product_brand","embeddable":true,"href":"https:\/\/parchetstore.ro\/ru\/wp-json\/wp\/v2\/product_brand?post=46262"},{"taxonomy":"product_cat","embeddable":true,"href":"https:\/\/parchetstore.ro\/ru\/wp-json\/wp\/v2\/product_cat?post=46262"},{"taxonomy":"product_tag","embeddable":true,"href":"https:\/\/parchetstore.ro\/ru\/wp-json\/wp\/v2\/product_tag?post=46262"}],"curies":[{"name":"wp","href":"https:\/\/api.w.org\/{rel}","templated":true}]}}