{"id":46273,"date":"2025-12-18T16:16:00","date_gmt":"2025-12-18T16:16:00","guid":{"rendered":"https:\/\/parchetstore.ro\/?post_type=product&#038;p=46273"},"modified":"2025-12-18T16:17:41","modified_gmt":"2025-12-18T16:17:41","slug":"check-one-2484-stejar-friedrichsort-long-wide","status":"publish","type":"product","link":"https:\/\/parchetstore.ro\/ru\/product\/check-one-2484-stejar-friedrichsort-long-wide\/","title":{"rendered":"CHECK One &#8211;  2486 Stejar Friedrichsort &#8211; Long &#038; Wide"},"content":{"rendered":"<h2><b>Parchet tip SPC CHECK One \u00a0\u2013 cu sistem click \u0219i folie cu izolare fonica integrat\u0103.<\/b><\/h2>\n<p>&nbsp;<\/p>\n<p class=\"p3\">Parchetul tip <span class=\"s2\"><b>SPC CHECK One <\/b><\/span>reprezint\u0103 alegerea ideal\u0103 pentru cei care caut\u0103 combina\u021bia perfect\u0103 \u00eentre design modern, func\u021bionalitate \u0219i confort. Fa\u021b\u0103 de parchetul laminat sau clasic, acest tip de pardoseal\u0103 ofer\u0103 <span class=\"s2\"><b>rezisten\u021b\u0103 sporit\u0103<\/b><\/span>, \u00eentre\u021binere u\u0219oar\u0103 \u0219i un impact minim asupra s\u0103n\u0103t\u0103\u021bii, fiind realizat <span class=\"s2\"><b>f\u0103r\u0103 plastifian\u021bi pe pl\u0103cile suport<\/b><\/span>.<\/p>\n<p class=\"p3\">Datorit\u0103 <span class=\"s2\"><b>\u00een\u0103l\u021bimii reduse de instalare<\/b><\/span> \u0219i a <span class=\"s2\"><b>sistemului click u\u0219or de folosit<\/b><\/span>, pardoseala poate fi montat\u0103 rapid \u00een <span class=\"s2\"><b>b\u0103i, buc\u0103t\u0103rii, livinguri, dormitoare \u0219i camere pentru copii<\/b><\/span>. Placa mai dur\u0103 a modelului CHECK One permite utilizarea \u00een locuri expuse la c\u0103ldur\u0103, precum ferestre mari sau verande, f\u0103r\u0103 deform\u0103ri, conform recomand\u0103rilor produc\u0103torului. Nu este necesar\u0103 aclimatizarea materialului \u00eenainte de montaj.<\/p>\n<p class=\"p3\">Parchetul tip <span class=\"s2\"><b>SPC<\/b><\/span> este <span class=\"s2\"><b>c\u0103lduros la atingere<\/b><\/span>, robust \u0219i foarte u\u0219or de \u00eentre\u021binut. Comparativ cu lemnul natural, se zg\u00e2rie mai greu \u0219i mai pu\u021bin vizibil. Pardoselile CHECK sunt <span class=\"s2\"><b>extrem de rezistente<\/b><\/span> \u0219i potrivite at\u00e2t pentru <span class=\"s2\"><b>uz privat<\/b><\/span>, c\u00e2t \u0219i <span class=\"s2\"><b>comercial intens<\/b><\/span>. Sunt compatibile cu <span class=\"s2\"><b>\u00eenc\u0103peri umede<\/b><\/span> \u0219i <span class=\"s2\"><b>\u00eenc\u0103lzire \u00een pardoseal\u0103<\/b><\/span>, put\u00e2nd fi cur\u0103\u021bate f\u0103r\u0103 probleme cu aspiratorul sau mopul umed. Cei sensibili la alergeni de praf vor aprecia cur\u0103\u021barea u\u0219oar\u0103 \u0219i eficient\u0103.<\/p>\n<p class=\"p3\">Datorit\u0103 <span class=\"s2\"><b>decorului realist \u0219i texturii naturale<\/b><\/span>, pardoseala ofer\u0103 un aspect autentic, similar lemnului real, \u0219i creeaz\u0103 o atmosfer\u0103 <span class=\"s2\"><b>c\u0103lduroas\u0103 \u0219i primitoare<\/b><\/span>.<\/p>\n<h3><b>Colec\u021bia Long &amp; Wide \u2013 pl\u0103ci lungi si late cu folie cu izolare fonica integrat\u0103.<\/b><\/h3>\n<p class=\"p3\">Pe l\u00e2ng\u0103 pl\u0103cile late clasice din Colec\u021bia Standard, sunt disponibile acum <span class=\"s2\"><b>pl\u0103ci de 1524 mm x 228 mm, grosime 6,5 mm<\/b><\/span>, cu <span class=\"s2\"><b>folia cu izolare fonica integrat\u0103<\/b><\/span>, care \u00eembun\u0103t\u0103\u021besc at\u00e2t <span class=\"s2\"><b>acustica camerei<\/b><\/span>, c\u00e2t \u0219i confortul la mers.<\/p>\n<p class=\"p3\">Cu o <span class=\"s2\"><b>clas\u0103 de utilizare 34<\/b><\/span>, aceste pardoseli sunt potrivite \u0219i pentru <span class=\"s2\"><b>zone comerciale cu trafic intens<\/b><\/span>.<\/p>","protected":false},"excerpt":{"rendered":"<h2><b>Parchetul tip SPC \u2013 performan\u021b\u0103 superioar\u0103!<\/b><\/h2>\n<p class=\"p3\">Parchetul tip <span class=\"s2\"><b>SPC<\/b><\/span> dep\u0103\u0219e\u0219te performan\u021bele lemnului natural, ale produselor naturale clasice, reunind <span class=\"s2\"><b>multiple avantaje \u00eentr-un singur produs<\/b><\/span>. Un beneficiu major este faptul c\u0103 <span class=\"s2\"><b>stratul de izola\u021bie este deja integrat<\/b><\/span>, elimin\u00e2nd necesitatea mont\u0103rii unei folii suplimentare \u00eenainte de instalare.<\/p>\n<p class=\"p3\">Aceast\u0103 caracteristic\u0103 reduce semnificativ <span class=\"s2\"><b>timpul de montaj<\/b><\/span>, costurile cu materialele auxiliare \u0219i etapele consumatoare de timp. Pardoselile <strong>SPC<\/strong> cu izola\u021bie integrat\u0103 includ toate componentele necesare, permi\u021b\u00e2nd <span class=\"s2\"><b>\u00eenceperea montajului imediat<\/b><\/span>, f\u0103r\u0103 lucr\u0103ri preg\u0103titoare complexe.<\/p>\n<p class=\"p3\">\u00cen plus, <span class=\"s2\"><b>izola\u021bia fonica integrat\u0103<\/b><\/span> contribuie la un confort acustic sporit, reduc\u00e2nd zgomotul de impact cu <span class=\"s2\"><b>p\u00e2n\u0103 la 21 dB<\/b><\/span>, pentru un ambient mai lini\u0219tit \u0219i mai pl\u0103cut.<\/p>","protected":false},"featured_media":46276,"template":"","meta":[],"product_brand":[279],"product_cat":[265],"product_tag":[],"class_list":{"0":"post-46273","1":"product","2":"type-product","3":"status-publish","4":"has-post-thumbnail","6":"product_brand-check-one","7":"product_cat-colectia-standard","10":"first","11":"instock","12":"shipping-taxable","13":"purchasable","14":"product-type-simple"},"yoast_head":"<!-- This site is optimized with the Yoast SEO plugin v27.4 - https:\/\/yoast.com\/product\/yoast-seo-wordpress\/ -->\n<title>CHECK One - 2486 Stejar Friedrichsort - Long &amp; Wide - Parchet laminat<\/title>\n<meta name=\"robots\" content=\"index, follow, max-snippet:-1, max-image-preview:large, max-video-preview:-1\" \/>\n<link rel=\"canonical\" href=\"https:\/\/parchetstore.ro\/ru\/product\/check-one-2484-stejar-friedrichsort-long-wide\/\" \/>\n<meta property=\"og:locale\" content=\"ru_RU\" \/>\n<meta property=\"og:type\" content=\"article\" \/>\n<meta property=\"og:title\" content=\"CHECK One - 2486 Stejar Friedrichsort - Long &amp; Wide - Parchet laminat\" \/>\n<meta property=\"og:description\" content=\"Parchetul tip SPC \u2013 performan\u021b\u0103 superioar\u0103! Parchetul tip SPC dep\u0103\u0219e\u0219te performan\u021bele lemnului natural, ale produselor naturale clasice, reunind multiple avantaje \u00eentr-un singur produs. Un beneficiu major este faptul c\u0103 stratul de izola\u021bie este deja integrat, elimin\u00e2nd necesitatea mont\u0103rii unei folii suplimentare \u00eenainte de instalare. Aceast\u0103 caracteristic\u0103 reduce semnificativ timpul de montaj, costurile cu materialele auxiliare \u0219i etapele consumatoare de timp. Pardoselile SPC cu izola\u021bie integrat\u0103 includ toate componentele necesare, permi\u021b\u00e2nd \u00eenceperea montajului imediat, f\u0103r\u0103 lucr\u0103ri preg\u0103titoare complexe. \u00cen plus, izola\u021bia fonica integrat\u0103 contribuie la un confort acustic sporit, reduc\u00e2nd zgomotul de impact cu p\u00e2n\u0103 la 21 dB, pentru un ambient mai lini\u0219tit \u0219i mai pl\u0103cut.\" \/>\n<meta property=\"og:url\" content=\"https:\/\/parchetstore.ro\/ru\/product\/check-one-2484-stejar-friedrichsort-long-wide\/\" \/>\n<meta property=\"og:site_name\" content=\"Parchet laminat\" \/>\n<meta property=\"article:modified_time\" content=\"2025-12-18T16:17:41+00:00\" \/>\n<meta property=\"og:image\" content=\"https:\/\/parchetstore.ro\/wp-content\/uploads\/2025\/12\/SPC2486-3.jpeg\" \/>\n\t<meta property=\"og:image:width\" content=\"1920\" \/>\n\t<meta property=\"og:image:height\" content=\"1048\" \/>\n\t<meta property=\"og:image:type\" content=\"image\/jpeg\" \/>\n<meta name=\"twitter:card\" content=\"summary_large_image\" \/>\n<meta name=\"twitter:label1\" content=\"\u041f\u0440\u0438\u043c\u0435\u0440\u043d\u043e\u0435 \u0432\u0440\u0435\u043c\u044f \u0434\u043b\u044f \u0447\u0442\u0435\u043d\u0438\u044f\" \/>\n\t<meta name=\"twitter:data1\" content=\"2 \u043c\u0438\u043d\u0443\u0442\u044b\" \/>\n<script type=\"application\/ld+json\" class=\"yoast-schema-graph\">{\"@context\":\"https:\\\/\\\/schema.org\",\"@graph\":[{\"@type\":\"WebPage\",\"@id\":\"https:\\\/\\\/parchetstore.ro\\\/produs\\\/check-one-2484-stejar-friedrichsort-long-wide\\\/\",\"url\":\"https:\\\/\\\/parchetstore.ro\\\/produs\\\/check-one-2484-stejar-friedrichsort-long-wide\\\/\",\"name\":\"CHECK One - 2486 Stejar Friedrichsort - Long & Wide - Parchet laminat\",\"isPartOf\":{\"@id\":\"https:\\\/\\\/parchetstore.ro\\\/#website\"},\"primaryImageOfPage\":{\"@id\":\"https:\\\/\\\/parchetstore.ro\\\/produs\\\/check-one-2484-stejar-friedrichsort-long-wide\\\/#primaryimage\"},\"image\":{\"@id\":\"https:\\\/\\\/parchetstore.ro\\\/produs\\\/check-one-2484-stejar-friedrichsort-long-wide\\\/#primaryimage\"},\"thumbnailUrl\":\"https:\\\/\\\/parchetstore.ro\\\/wp-content\\\/uploads\\\/2025\\\/12\\\/SPC2486-3.jpeg\",\"datePublished\":\"2025-12-18T16:16:00+00:00\",\"dateModified\":\"2025-12-18T16:17:41+00:00\",\"breadcrumb\":{\"@id\":\"https:\\\/\\\/parchetstore.ro\\\/produs\\\/check-one-2484-stejar-friedrichsort-long-wide\\\/#breadcrumb\"},\"inLanguage\":\"ru-RU\",\"potentialAction\":[{\"@type\":\"ReadAction\",\"target\":[\"https:\\\/\\\/parchetstore.ro\\\/produs\\\/check-one-2484-stejar-friedrichsort-long-wide\\\/\"]}]},{\"@type\":\"ImageObject\",\"inLanguage\":\"ru-RU\",\"@id\":\"https:\\\/\\\/parchetstore.ro\\\/produs\\\/check-one-2484-stejar-friedrichsort-long-wide\\\/#primaryimage\",\"url\":\"https:\\\/\\\/parchetstore.ro\\\/wp-content\\\/uploads\\\/2025\\\/12\\\/SPC2486-3.jpeg\",\"contentUrl\":\"https:\\\/\\\/parchetstore.ro\\\/wp-content\\\/uploads\\\/2025\\\/12\\\/SPC2486-3.jpeg\",\"width\":1920,\"height\":1048},{\"@type\":\"BreadcrumbList\",\"@id\":\"https:\\\/\\\/parchetstore.ro\\\/produs\\\/check-one-2484-stejar-friedrichsort-long-wide\\\/#breadcrumb\",\"itemListElement\":[{\"@type\":\"ListItem\",\"position\":1,\"name\":\"Prima pagin\u0103\",\"item\":\"https:\\\/\\\/parchetstore.ro\\\/\"},{\"@type\":\"ListItem\",\"position\":2,\"name\":\"Shop\",\"item\":\"https:\\\/\\\/parchetstore.ro\\\/shop\\\/\"},{\"@type\":\"ListItem\",\"position\":3,\"name\":\"CHECK One &#8211; 2486 Stejar Friedrichsort &#8211; Long &#038; Wide\"}]},{\"@type\":\"WebSite\",\"@id\":\"https:\\\/\\\/parchetstore.ro\\\/#website\",\"url\":\"https:\\\/\\\/parchetstore.ro\\\/\",\"name\":\"Parchet laminat\",\"description\":\"calitate germana\",\"publisher\":{\"@id\":\"https:\\\/\\\/parchetstore.ro\\\/#organization\"},\"potentialAction\":[{\"@type\":\"SearchAction\",\"target\":{\"@type\":\"EntryPoint\",\"urlTemplate\":\"https:\\\/\\\/parchetstore.ro\\\/?s={search_term_string}\"},\"query-input\":{\"@type\":\"PropertyValueSpecification\",\"valueRequired\":true,\"valueName\":\"search_term_string\"}}],\"inLanguage\":\"ru-RU\"},{\"@type\":\"Organization\",\"@id\":\"https:\\\/\\\/parchetstore.ro\\\/#organization\",\"name\":\"Parchet laminat\",\"url\":\"https:\\\/\\\/parchetstore.ro\\\/\",\"logo\":{\"@type\":\"ImageObject\",\"inLanguage\":\"ru-RU\",\"@id\":\"https:\\\/\\\/parchetstore.ro\\\/#\\\/schema\\\/logo\\\/image\\\/\",\"url\":\"https:\\\/\\\/parchetstore.ro\\\/wp-content\\\/uploads\\\/2025\\\/03\\\/krono-big-img.png\",\"contentUrl\":\"https:\\\/\\\/parchetstore.ro\\\/wp-content\\\/uploads\\\/2025\\\/03\\\/krono-big-img.png\",\"width\":600,\"height\":600,\"caption\":\"Parchet laminat\"},\"image\":{\"@id\":\"https:\\\/\\\/parchetstore.ro\\\/#\\\/schema\\\/logo\\\/image\\\/\"}}]}<\/script>\n<!-- \/ Yoast SEO plugin. -->","yoast_head_json":{"title":"CHECK One - 2486 Stejar Friedrichsort - Long & Wide - Parchet laminat","robots":{"index":"index","follow":"follow","max-snippet":"max-snippet:-1","max-image-preview":"max-image-preview:large","max-video-preview":"max-video-preview:-1"},"canonical":"https:\/\/parchetstore.ro\/ru\/product\/check-one-2484-stejar-friedrichsort-long-wide\/","og_locale":"ru_RU","og_type":"article","og_title":"CHECK One - 2486 Stejar Friedrichsort - Long & Wide - Parchet laminat","og_description":"Parchetul tip SPC \u2013 performan\u021b\u0103 superioar\u0103! Parchetul tip SPC dep\u0103\u0219e\u0219te performan\u021bele lemnului natural, ale produselor naturale clasice, reunind multiple avantaje \u00eentr-un singur produs. Un beneficiu major este faptul c\u0103 stratul de izola\u021bie este deja integrat, elimin\u00e2nd necesitatea mont\u0103rii unei folii suplimentare \u00eenainte de instalare. Aceast\u0103 caracteristic\u0103 reduce semnificativ timpul de montaj, costurile cu materialele auxiliare \u0219i etapele consumatoare de timp. Pardoselile SPC cu izola\u021bie integrat\u0103 includ toate componentele necesare, permi\u021b\u00e2nd \u00eenceperea montajului imediat, f\u0103r\u0103 lucr\u0103ri preg\u0103titoare complexe. \u00cen plus, izola\u021bia fonica integrat\u0103 contribuie la un confort acustic sporit, reduc\u00e2nd zgomotul de impact cu p\u00e2n\u0103 la 21 dB, pentru un ambient mai lini\u0219tit \u0219i mai pl\u0103cut.","og_url":"https:\/\/parchetstore.ro\/ru\/product\/check-one-2484-stejar-friedrichsort-long-wide\/","og_site_name":"Parchet laminat","article_modified_time":"2025-12-18T16:17:41+00:00","og_image":[{"width":1920,"height":1048,"url":"https:\/\/parchetstore.ro\/wp-content\/uploads\/2025\/12\/SPC2486-3.jpeg","type":"image\/jpeg"}],"twitter_card":"summary_large_image","twitter_misc":{"\u041f\u0440\u0438\u043c\u0435\u0440\u043d\u043e\u0435 \u0432\u0440\u0435\u043c\u044f \u0434\u043b\u044f \u0447\u0442\u0435\u043d\u0438\u044f":"2 \u043c\u0438\u043d\u0443\u0442\u044b"},"schema":{"@context":"https:\/\/schema.org","@graph":[{"@type":"WebPage","@id":"https:\/\/parchetstore.ro\/produs\/check-one-2484-stejar-friedrichsort-long-wide\/","url":"https:\/\/parchetstore.ro\/produs\/check-one-2484-stejar-friedrichsort-long-wide\/","name":"CHECK One - 2486 Stejar Friedrichsort - Long & Wide - Parchet laminat","isPartOf":{"@id":"https:\/\/parchetstore.ro\/#website"},"primaryImageOfPage":{"@id":"https:\/\/parchetstore.ro\/produs\/check-one-2484-stejar-friedrichsort-long-wide\/#primaryimage"},"image":{"@id":"https:\/\/parchetstore.ro\/produs\/check-one-2484-stejar-friedrichsort-long-wide\/#primaryimage"},"thumbnailUrl":"https:\/\/parchetstore.ro\/wp-content\/uploads\/2025\/12\/SPC2486-3.jpeg","datePublished":"2025-12-18T16:16:00+00:00","dateModified":"2025-12-18T16:17:41+00:00","breadcrumb":{"@id":"https:\/\/parchetstore.ro\/produs\/check-one-2484-stejar-friedrichsort-long-wide\/#breadcrumb"},"inLanguage":"ru-RU","potentialAction":[{"@type":"ReadAction","target":["https:\/\/parchetstore.ro\/produs\/check-one-2484-stejar-friedrichsort-long-wide\/"]}]},{"@type":"ImageObject","inLanguage":"ru-RU","@id":"https:\/\/parchetstore.ro\/produs\/check-one-2484-stejar-friedrichsort-long-wide\/#primaryimage","url":"https:\/\/parchetstore.ro\/wp-content\/uploads\/2025\/12\/SPC2486-3.jpeg","contentUrl":"https:\/\/parchetstore.ro\/wp-content\/uploads\/2025\/12\/SPC2486-3.jpeg","width":1920,"height":1048},{"@type":"BreadcrumbList","@id":"https:\/\/parchetstore.ro\/produs\/check-one-2484-stejar-friedrichsort-long-wide\/#breadcrumb","itemListElement":[{"@type":"ListItem","position":1,"name":"Prima pagin\u0103","item":"https:\/\/parchetstore.ro\/"},{"@type":"ListItem","position":2,"name":"Shop","item":"https:\/\/parchetstore.ro\/shop\/"},{"@type":"ListItem","position":3,"name":"CHECK One &#8211; 2486 Stejar Friedrichsort &#8211; Long &#038; Wide"}]},{"@type":"WebSite","@id":"https:\/\/parchetstore.ro\/#website","url":"https:\/\/parchetstore.ro\/","name":"Parchet laminat","description":"calitate germana","publisher":{"@id":"https:\/\/parchetstore.ro\/#organization"},"potentialAction":[{"@type":"SearchAction","target":{"@type":"EntryPoint","urlTemplate":"https:\/\/parchetstore.ro\/?s={search_term_string}"},"query-input":{"@type":"PropertyValueSpecification","valueRequired":true,"valueName":"search_term_string"}}],"inLanguage":"ru-RU"},{"@type":"Organization","@id":"https:\/\/parchetstore.ro\/#organization","name":"Parchet laminat","url":"https:\/\/parchetstore.ro\/","logo":{"@type":"ImageObject","inLanguage":"ru-RU","@id":"https:\/\/parchetstore.ro\/#\/schema\/logo\/image\/","url":"https:\/\/parchetstore.ro\/wp-content\/uploads\/2025\/03\/krono-big-img.png","contentUrl":"https:\/\/parchetstore.ro\/wp-content\/uploads\/2025\/03\/krono-big-img.png","width":600,"height":600,"caption":"Parchet laminat"},"image":{"@id":"https:\/\/parchetstore.ro\/#\/schema\/logo\/image\/"}}]}},"_links":{"self":[{"href":"https:\/\/parchetstore.ro\/ru\/wp-json\/wp\/v2\/product\/46273","targetHints":{"allow":["GET"]}}],"collection":[{"href":"https:\/\/parchetstore.ro\/ru\/wp-json\/wp\/v2\/product"}],"about":[{"href":"https:\/\/parchetstore.ro\/ru\/wp-json\/wp\/v2\/types\/product"}],"wp:featuredmedia":[{"embeddable":true,"href":"https:\/\/parchetstore.ro\/ru\/wp-json\/wp\/v2\/media\/46276"}],"wp:attachment":[{"href":"https:\/\/parchetstore.ro\/ru\/wp-json\/wp\/v2\/media?parent=46273"}],"wp:term":[{"taxonomy":"product_brand","embeddable":true,"href":"https:\/\/parchetstore.ro\/ru\/wp-json\/wp\/v2\/product_brand?post=46273"},{"taxonomy":"product_cat","embeddable":true,"href":"https:\/\/parchetstore.ro\/ru\/wp-json\/wp\/v2\/product_cat?post=46273"},{"taxonomy":"product_tag","embeddable":true,"href":"https:\/\/parchetstore.ro\/ru\/wp-json\/wp\/v2\/product_tag?post=46273"}],"curies":[{"name":"wp","href":"https:\/\/api.w.org\/{rel}","templated":true}]}}